{"id":13532,"date":"2023-05-30T05:17:58","date_gmt":"2023-05-30T05:17:58","guid":{"rendered":"https:\/\/suomicom.fi\/?page_id=13532"},"modified":"2025-12-08T08:50:07","modified_gmt":"2025-12-08T08:50:07","slug":"vastuullisuussitoumus","status":"publish","type":"page","link":"https:\/\/suomicom.fi\/en\/vastuullisuussitoumus\/","title":{"rendered":"Responsibility Commitment"},"content":{"rendered":"<style>.kb-row-layout-id13532_461464-5f > .kt-row-column-wrap{align-content:start;}:where(.kb-row-layout-id13532_461464-5f > .kt-row-column-wrap) > .wp-block-kadence-column{justify-content:start;}.kb-row-layout-id13532_461464-5f > .kt-row-column-wrap{column-gap:var(--global-kb-gap-none, 0rem );row-gap:var(--global-kb-gap-none, 0rem );max-width:var( --global-content-width, 1290px );padding-left:var(--global-content-edge-padding);padding-right:var(--global-content-edge-padding);padding-top:50px;padding-bottom:80px;grid-template-columns:minmax(0, 1fr);}.kb-row-layout-id13532_461464-5f > .kt-row-layout-overlay{opacity:0.30;background:linear-gradient(90deg,rgb(131,227,154) 2%,rgb(195,237,131) 100%);mix-blend-mode:normal;}.kb-row-layout-id13532_461464-5f .kt-row-layout-bottom-sep{height:98px;}.kb-row-layout-id13532_461464-5f .kt-row-layout-bottom-sep svg{width:132%;}.kb-row-layout-id13532_461464-5f .kt-row-layout-bottom-sep svg{fill:var(--global-palette9, #ffffff)!important;}.kb-row-layout-id13532_461464-5f .kt-row-layout-top-sep{height:100px;}.kb-row-layout-id13532_461464-5f .kt-row-layout-top-sep svg{width:100%;}.kb-row-layout-id13532_461464-5f .kt-row-layout-top-sep svg{fill:#ffffff!important;}@media all and (max-width: 1024px){.kb-row-layout-id13532_461464-5f > .kt-row-column-wrap{padding-top:20px;padding-right:20px;padding-bottom:100px;padding-left:20px;grid-template-columns:minmax(0, 1fr);}}@media all and (max-width: 1024px){.kb-row-layout-id13532_461464-5f .kt-row-layout-bottom-sep{height:px;}}@media all and (max-width: 1024px){.kb-row-layout-id13532_461464-5f .kt-row-layout-bottom-sep svg{width:%;}}@media all and (max-width: 767px){.kb-row-layout-id13532_461464-5f > .kt-row-column-wrap{padding-top:20px;padding-right:20px;padding-bottom:50px;padding-left:20px;grid-template-columns:minmax(0, 1fr);}.kb-row-layout-id13532_461464-5f .kt-row-layout-bottom-sep{height:px;}.kb-row-layout-id13532_461464-5f .kt-row-layout-bottom-sep svg{width:%;}}<\/style><div class=\"kb-row-layout-wrap kb-row-layout-id13532_461464-5f alignnone kt-row-has-bg wp-block-kadence-rowlayout\"><div class=\"kt-row-layout-overlay kt-row-overlay-gradient\"><\/div><div class=\"kt-row-layout-bottom-sep kt-row-sep-type-crvi\"><svg viewBox=\"0 0 1000 100\" preserveAspectRatio=\"none\"><path d=\"M1000,0c0,0 -270.987,98 -500,98c-229.013,0 -500,-98 -500,-98l0,100l1000,0l0,-100Z\" \/><\/svg><\/div><div class=\"kt-row-column-wrap kt-has-1-columns kt-row-layout-equal kt-tab-layout-inherit kt-mobile-layout-row kt-row-valign-top kb-theme-content-width\">\n<style>.kadence-column13532_d7c0f3-92 > .kt-inside-inner-col{padding-top:30px;padding-right:0px;padding-bottom:0px;padding-left:0px;}.kadence-column13532_d7c0f3-92 > .kt-inside-inner-col,.kadence-column13532_d7c0f3-92 > .kt-inside-inner-col:before{border-top-left-radius:0px;border-top-right-radius:0px;border-bottom-right-radius:0px;border-bottom-left-radius:0px;}.kadence-column13532_d7c0f3-92 > .kt-inside-inner-col{column-gap:var(--global-kb-gap-sm, 1rem);}.kadence-column13532_d7c0f3-92 > .kt-inside-inner-col{flex-direction:column;}.kadence-column13532_d7c0f3-92 > .kt-inside-inner-col > .aligncenter{width:100%;}.kadence-column13532_d7c0f3-92 > .kt-inside-inner-col:before{opacity:0.3;}.kadence-column13532_d7c0f3-92{position:relative;}@media all and (max-width: 1024px){.kadence-column13532_d7c0f3-92 > .kt-inside-inner-col{flex-direction:column;justify-content:center;}}@media all and (max-width: 767px){.kadence-column13532_d7c0f3-92 > .kt-inside-inner-col{flex-direction:column;justify-content:center;}}<\/style>\n<div class=\"wp-block-kadence-column kadence-column13532_d7c0f3-92 inner-column-1\"><div class=\"kt-inside-inner-col\"><style>.wp-block-kadence-advancedheading.kt-adv-heading13532_2065d3-db, .wp-block-kadence-advancedheading.kt-adv-heading13532_2065d3-db[data-kb-block=\"kb-adv-heading13532_2065d3-db\"]{margin-top:-20px;margin-bottom:43px;text-align:center;font-size:2.2em;line-height:1em;font-style:normal;}.wp-block-kadence-advancedheading.kt-adv-heading13532_2065d3-db mark.kt-highlight, .wp-block-kadence-advancedheading.kt-adv-heading13532_2065d3-db[data-kb-block=\"kb-adv-heading13532_2065d3-db\"] mark.kt-highlight{font-style:normal;color:#f76a0c;-webkit-box-decoration-break:clone;box-decoration-break:clone;padding-top:0px;padding-right:0px;padding-bottom:0px;padding-left:0px;}.wp-block-kadence-advancedheading.kt-adv-heading13532_2065d3-db img.kb-inline-image, .wp-block-kadence-advancedheading.kt-adv-heading13532_2065d3-db[data-kb-block=\"kb-adv-heading13532_2065d3-db\"] img.kb-inline-image{width:150px;vertical-align:baseline;}@media all and (max-width: 1024px){.wp-block-kadence-advancedheading.kt-adv-heading13532_2065d3-db, .wp-block-kadence-advancedheading.kt-adv-heading13532_2065d3-db[data-kb-block=\"kb-adv-heading13532_2065d3-db\"]{font-size:3.2em;text-align:center!important;}}@media all and (max-width: 767px){.wp-block-kadence-advancedheading.kt-adv-heading13532_2065d3-db, .wp-block-kadence-advancedheading.kt-adv-heading13532_2065d3-db[data-kb-block=\"kb-adv-heading13532_2065d3-db\"]{font-size:2.2em;}}<\/style>\n<h1 class=\"kt-adv-heading13532_2065d3-db wp-block-kadence-advancedheading\" data-kb-block=\"kb-adv-heading13532_2065d3-db\">Vastuullisuussitoumus<\/h1>\n<\/div><\/div>\n\n<\/div><\/div>\n\n<style>.kb-row-layout-wrap.wp-block-kadence-rowlayout.kb-row-layout-id13532_73fdfd-6b{margin-top:0px;}.kb-row-layout-id13532_73fdfd-6b > .kt-row-column-wrap{align-content:start;}:where(.kb-row-layout-id13532_73fdfd-6b > .kt-row-column-wrap) > .wp-block-kadence-column{justify-content:start;}.kb-row-layout-id13532_73fdfd-6b > .kt-row-column-wrap{column-gap:var(--global-kb-gap-none, 0rem );row-gap:var(--global-kb-gap-none, 0rem );max-width:1020px;margin-left:auto;margin-right:auto;padding-top:30px;padding-right:0px;padding-bottom:20px;padding-left:0px;grid-template-columns:minmax(0, 1fr);}.kb-row-layout-id13532_73fdfd-6b > .kt-row-layout-overlay{opacity:0.30;}@media all and (max-width: 1024px){.kb-row-layout-id13532_73fdfd-6b > .kt-row-column-wrap{padding-top:40px;padding-right:30px;padding-bottom:60px;padding-left:30px;grid-template-columns:minmax(0, 1fr);}}@media all and (max-width: 767px){.kb-row-layout-id13532_73fdfd-6b > .kt-row-column-wrap{padding-top:80px;padding-right:20px;padding-bottom:10px;padding-left:20px;grid-template-columns:minmax(0, 1fr);}}<\/style><div class=\"kb-row-layout-wrap kb-row-layout-id13532_73fdfd-6b alignnone wp-block-kadence-rowlayout\"><div class=\"kt-row-column-wrap kt-has-1-columns kt-row-layout-equal kt-tab-layout-inherit kt-mobile-layout-row kt-row-valign-top\">\n<style>.kadence-column13532_7a4abe-29 > .kt-inside-inner-col{display:flex;}.kadence-column13532_7a4abe-29 > .kt-inside-inner-col{padding-top:10px;padding-right:10px;padding-bottom:10px;padding-left:10px;}.kadence-column13532_7a4abe-29 > .kt-inside-inner-col,.kadence-column13532_7a4abe-29 > .kt-inside-inner-col:before{border-top-left-radius:0px;border-top-right-radius:0px;border-bottom-right-radius:0px;border-bottom-left-radius:0px;}.kadence-column13532_7a4abe-29 > .kt-inside-inner-col{column-gap:var(--global-kb-gap-sm, 1rem);}.kadence-column13532_7a4abe-29 > .kt-inside-inner-col{flex-direction:column;justify-content:flex-start;}.kadence-column13532_7a4abe-29 > .kt-inside-inner-col > .aligncenter{width:100%;}.kt-row-column-wrap > .kadence-column13532_7a4abe-29{align-self:flex-start;}.kt-inner-column-height-full:not(.kt-has-1-columns) > .wp-block-kadence-column.kadence-column13532_7a4abe-29{align-self:auto;}.kt-inner-column-height-full:not(.kt-has-1-columns) > .wp-block-kadence-column.kadence-column13532_7a4abe-29 > .kt-inside-inner-col{flex-direction:column;justify-content:flex-start;}.kadence-column13532_7a4abe-29 > .kt-inside-inner-col:before{opacity:0.3;}.kadence-column13532_7a4abe-29{position:relative;}.kadence-column13532_7a4abe-29, .kt-inside-inner-col > .kadence-column13532_7a4abe-29:not(.specificity){margin-top:0px;margin-right:10px;margin-bottom:0px;margin-left:0px;}@media all and (max-width: 1024px){.kadence-column13532_7a4abe-29 > .kt-inside-inner-col{padding-top:60px;padding-right:40px;padding-bottom:60px;padding-left:40px;flex-direction:column;justify-content:flex-start;}}@media all and (max-width: 1024px){.kt-row-column-wrap > .kadence-column13532_7a4abe-29{align-self:flex-start;}}@media all and (max-width: 1024px){.kt-inner-column-height-full:not(.kt-has-1-columns) > .wp-block-kadence-column.kadence-column13532_7a4abe-29{align-self:auto;}}@media all and (max-width: 1024px){.kt-inner-column-height-full:not(.kt-has-1-columns) > .wp-block-kadence-column.kadence-column13532_7a4abe-29 > .kt-inside-inner-col{flex-direction:column;justify-content:flex-start;}}@media all and (max-width: 1024px){.kadence-column13532_7a4abe-29, .kt-inside-inner-col > .kadence-column13532_7a4abe-29:not(.specificity){margin-top:0px;margin-right:0px;margin-bottom:0px;margin-left:0px;}}@media all and (max-width: 767px){.kadence-column13532_7a4abe-29 > .kt-inside-inner-col{padding-top:0px;padding-right:0px;padding-bottom:0px;padding-left:0px;flex-direction:column;justify-content:flex-start;}.kt-row-column-wrap > .kadence-column13532_7a4abe-29{align-self:flex-start;}.kt-inner-column-height-full:not(.kt-has-1-columns) > .wp-block-kadence-column.kadence-column13532_7a4abe-29{align-self:auto;}.kt-inner-column-height-full:not(.kt-has-1-columns) > .wp-block-kadence-column.kadence-column13532_7a4abe-29 > .kt-inside-inner-col{flex-direction:column;justify-content:flex-start;}}<\/style>\n<div class=\"wp-block-kadence-column kadence-column13532_7a4abe-29 inner-column-1\"><div class=\"kt-inside-inner-col\"><style>.wp-block-kadence-advancedheading.kt-adv-heading13532_3cb9d6-2b, .wp-block-kadence-advancedheading.kt-adv-heading13532_3cb9d6-2b[data-kb-block=\"kb-adv-heading13532_3cb9d6-2b\"]{margin-top:40px;margin-bottom:40px;text-align:left;line-height:1em;font-style:normal;}.wp-block-kadence-advancedheading.kt-adv-heading13532_3cb9d6-2b mark.kt-highlight, .wp-block-kadence-advancedheading.kt-adv-heading13532_3cb9d6-2b[data-kb-block=\"kb-adv-heading13532_3cb9d6-2b\"] mark.kt-highlight{font-style:normal;color:#f76a0c;-webkit-box-decoration-break:clone;box-decoration-break:clone;padding-top:0px;padding-right:0px;padding-bottom:0px;padding-left:0px;}.wp-block-kadence-advancedheading.kt-adv-heading13532_3cb9d6-2b img.kb-inline-image, .wp-block-kadence-advancedheading.kt-adv-heading13532_3cb9d6-2b[data-kb-block=\"kb-adv-heading13532_3cb9d6-2b\"] img.kb-inline-image{width:150px;vertical-align:baseline;}@media all and (max-width: 1024px){.wp-block-kadence-advancedheading.kt-adv-heading13532_3cb9d6-2b, .wp-block-kadence-advancedheading.kt-adv-heading13532_3cb9d6-2b[data-kb-block=\"kb-adv-heading13532_3cb9d6-2b\"]{text-align:center!important;}}<\/style>\n<h2 class=\"kt-adv-heading13532_3cb9d6-2b wp-block-kadence-advancedheading\" data-kb-block=\"kb-adv-heading13532_3cb9d6-2b\">Valokuituliittymien myynnin ja markkinoinnin vastuullisuussitoumus<\/h2>\n\n\n<style>.wp-block-kadence-advancedheading.kt-adv-heading13532_9f793f-06, .wp-block-kadence-advancedheading.kt-adv-heading13532_9f793f-06[data-kb-block=\"kb-adv-heading13532_9f793f-06\"]{margin-bottom:50px;font-style:normal;}.wp-block-kadence-advancedheading.kt-adv-heading13532_9f793f-06 mark.kt-highlight, .wp-block-kadence-advancedheading.kt-adv-heading13532_9f793f-06[data-kb-block=\"kb-adv-heading13532_9f793f-06\"] mark.kt-highlight{font-style:normal;color:#f76a0c;-webkit-box-decoration-break:clone;box-decoration-break:clone;padding-top:0px;padding-right:0px;padding-bottom:0px;padding-left:0px;}.wp-block-kadence-advancedheading.kt-adv-heading13532_9f793f-06 img.kb-inline-image, .wp-block-kadence-advancedheading.kt-adv-heading13532_9f793f-06[data-kb-block=\"kb-adv-heading13532_9f793f-06\"] img.kb-inline-image{width:150px;vertical-align:baseline;}@media all and (max-width: 1024px){.wp-block-kadence-advancedheading.kt-adv-heading13532_9f793f-06, .wp-block-kadence-advancedheading.kt-adv-heading13532_9f793f-06[data-kb-block=\"kb-adv-heading13532_9f793f-06\"]{text-align:center!important;}}<\/style>\n<p class=\"kt-adv-heading13532_9f793f-06 wp-block-kadence-advancedheading\" data-kb-block=\"kb-adv-heading13532_9f793f-06\">Suomi Communications Oy (j\u00e4ljemp\u00e4n\u00e4 SuomiCom) toimittanut nettiliittymi\u00e4 yli kahdenkymmenen vuoden ajan asiakkailleen omalla toimialueellaan. Ajan my\u00f6t\u00e4 on syntynyt pitk\u00e4aikainen ja luottamuksellinen toimintamalli asiakkaiden ja yhti\u00f6n v\u00e4lill\u00e4. T\u00e4m\u00e4 sama toimintamalli jatkuu nyt valokuituliittymien toimittamisessa yh\u00e4 laajemmille alueille. Toimintamallin ytimess\u00e4 ovat paikallisuus ja paikallinen asiakaspalvelu eli tutut ihmiset, joilta saa aina apua kysymyksiin. SuomiComin toimintatapa on nyt ja tulevaisuudessa noudattaa vastuullisuuden pelis\u00e4\u00e4nt\u00f6j\u00e4.<\/p>\n\n\n<style>.wp-block-kadence-advancedheading.kt-adv-heading13532_2fd363-3a, .wp-block-kadence-advancedheading.kt-adv-heading13532_2fd363-3a[data-kb-block=\"kb-adv-heading13532_2fd363-3a\"]{margin-top:40px;margin-bottom:40px;text-align:left;line-height:1em;font-style:normal;}.wp-block-kadence-advancedheading.kt-adv-heading13532_2fd363-3a mark.kt-highlight, .wp-block-kadence-advancedheading.kt-adv-heading13532_2fd363-3a[data-kb-block=\"kb-adv-heading13532_2fd363-3a\"] mark.kt-highlight{font-style:normal;color:#f76a0c;-webkit-box-decoration-break:clone;box-decoration-break:clone;padding-top:0px;padding-right:0px;padding-bottom:0px;padding-left:0px;}.wp-block-kadence-advancedheading.kt-adv-heading13532_2fd363-3a img.kb-inline-image, .wp-block-kadence-advancedheading.kt-adv-heading13532_2fd363-3a[data-kb-block=\"kb-adv-heading13532_2fd363-3a\"] img.kb-inline-image{width:150px;vertical-align:baseline;}@media all and (max-width: 1024px){.wp-block-kadence-advancedheading.kt-adv-heading13532_2fd363-3a, .wp-block-kadence-advancedheading.kt-adv-heading13532_2fd363-3a[data-kb-block=\"kb-adv-heading13532_2fd363-3a\"]{text-align:center!important;}}<\/style>\n<h2 class=\"kt-adv-heading13532_2fd363-3a wp-block-kadence-advancedheading\" data-kb-block=\"kb-adv-heading13532_2fd363-3a\">Hyv\u00e4 kauppatapa ohjaa toimintatapaamme<\/h2>\n\n\n\n<p>Valokuidun myynniss\u00e4 ja markkinoinnissa SuomiCom sitoutuu noudattamaan hyv\u00e4n kauppatavan sek\u00e4 lakien ja asetusten mukaisia toimintatapoja tarjotessaan palveluita nykyisille ja uusille asiakkaille. Valokuidun osalta t\u00e4m\u00e4 tarkoittaa sit\u00e4, ett\u00e4 korostamme valokuituliittym\u00e4n hyvi\u00e4 ominaisuuksia ja kiinnit\u00e4mme huomiota valokuidun tuomaan lis\u00e4arvoon kuluttajille ja yritysasiakkaille. Avaamme my\u00f6s toimitussis\u00e4ll\u00f6n laajuuden ja kustannusvaikutukset aina ymm\u00e4rrett\u00e4v\u00e4sti asiakkaille.<\/p>\n\n\n\n<p>SuomiCom sitoutuu siihen, ett\u00e4 me emme sido asiakkaita kuluttajasuoja- ja viestint\u00e4palvelulakien vastaisiin sopimusmalleihin eik\u00e4 muutenkaan kohtuuttomiin sopimusehtoihin.<\/p>\n\n\n<style>.wp-block-kadence-advancedheading.kt-adv-heading13532_315ea7-8e, .wp-block-kadence-advancedheading.kt-adv-heading13532_315ea7-8e[data-kb-block=\"kb-adv-heading13532_315ea7-8e\"]{margin-top:40px;margin-bottom:40px;text-align:left;line-height:1em;font-style:normal;}.wp-block-kadence-advancedheading.kt-adv-heading13532_315ea7-8e mark.kt-highlight, .wp-block-kadence-advancedheading.kt-adv-heading13532_315ea7-8e[data-kb-block=\"kb-adv-heading13532_315ea7-8e\"] mark.kt-highlight{font-style:normal;color:#f76a0c;-webkit-box-decoration-break:clone;box-decoration-break:clone;padding-top:0px;padding-right:0px;padding-bottom:0px;padding-left:0px;}.wp-block-kadence-advancedheading.kt-adv-heading13532_315ea7-8e img.kb-inline-image, .wp-block-kadence-advancedheading.kt-adv-heading13532_315ea7-8e[data-kb-block=\"kb-adv-heading13532_315ea7-8e\"] img.kb-inline-image{width:150px;vertical-align:baseline;}@media all and (max-width: 1024px){.wp-block-kadence-advancedheading.kt-adv-heading13532_315ea7-8e, .wp-block-kadence-advancedheading.kt-adv-heading13532_315ea7-8e[data-kb-block=\"kb-adv-heading13532_315ea7-8e\"]{text-align:center!important;}}<\/style>\n<h2 class=\"kt-adv-heading13532_315ea7-8e wp-block-kadence-advancedheading\" data-kb-block=\"kb-adv-heading13532_315ea7-8e\">Sovitusta pidet\u00e4\u00e4n kiinni<\/h2>\n\n\n\n<p>SuomiCom sitoutuu pit\u00e4m\u00e4\u00e4n huolen siit\u00e4, ett\u00e4 asiakas saa mit\u00e4 luvataan ja sovitussa aikataulussa. SuomiComin valokuituliittymien toimitusta ohjaavat selke\u00e4t prosessit, jotka ovat hioutuneet ajan saatossa varsin toimiviksi.<\/p>\n<\/div><\/div>\n\n<\/div><\/div>","protected":false},"excerpt":{"rendered":"<p>Vastuullisuussitoumus Valokuituliittymien myynnin ja markkinoinnin vastuullisuussitoumus Suomi Communications Oy (j\u00e4ljemp\u00e4n\u00e4 SuomiCom) toimittanut nettiliittymi\u00e4 yli kahdenkymmenen vuoden ajan asiakkailleen omalla toimialueellaan. Ajan my\u00f6t\u00e4 on syntynyt pitk\u00e4aikainen ja luottamuksellinen toimintamalli asiakkaiden ja yhti\u00f6n v\u00e4lill\u00e4. T\u00e4m\u00e4 sama toimintamalli jatkuu nyt valokuituliittymien toimittamisessa yh\u00e4 laajemmille alueille. Toimintamallin ytimess\u00e4 ovat paikallisuus ja paikallinen asiakaspalvelu eli tutut ihmiset, joilta saa aina&#8230;<\/p>","protected":false},"author":4,"featured_media":7454,"parent":0,"menu_order":0,"comment_status":"closed","ping_status":"closed","template":"","meta":{"_kad_post_transparent":"","_kad_post_title":"hide","_kad_post_layout":"fullwidth","_kad_post_sidebar_id":"","_kad_post_content_style":"unboxed","_kad_post_vertical_padding":"","_kad_post_feature":"","_kad_post_feature_position":"","_kad_post_header":false,"_kad_post_footer":false,"_kad_post_classname":"","footnotes":""},"class_list":["post-13532","page","type-page","status-publish","has-post-thumbnail","hentry"],"_links":{"self":[{"href":"https:\/\/suomicom.fi\/en\/wp-json\/wp\/v2\/pages\/13532","targetHints":{"allow":["GET"]}}],"collection":[{"href":"https:\/\/suomicom.fi\/en\/wp-json\/wp\/v2\/pages"}],"about":[{"href":"https:\/\/suomicom.fi\/en\/wp-json\/wp\/v2\/types\/page"}],"author":[{"embeddable":true,"href":"https:\/\/suomicom.fi\/en\/wp-json\/wp\/v2\/users\/4"}],"replies":[{"embeddable":true,"href":"https:\/\/suomicom.fi\/en\/wp-json\/wp\/v2\/comments?post=13532"}],"version-history":[{"count":28,"href":"https:\/\/suomicom.fi\/en\/wp-json\/wp\/v2\/pages\/13532\/revisions"}],"predecessor-version":[{"id":18360,"href":"https:\/\/suomicom.fi\/en\/wp-json\/wp\/v2\/pages\/13532\/revisions\/18360"}],"wp:featuredmedia":[{"embeddable":true,"href":"https:\/\/suomicom.fi\/en\/wp-json\/wp\/v2\/media\/7454"}],"wp:attachment":[{"href":"https:\/\/suomicom.fi\/en\/wp-json\/wp\/v2\/media?parent=13532"}],"curies":[{"name":"wp","href":"https:\/\/api.w.org\/{rel}","templated":true}]}}