{"id":13856,"date":"2023-09-06T10:32:46","date_gmt":"2023-09-06T10:32:46","guid":{"rendered":"https:\/\/suomicom.fi\/?page_id=13856"},"modified":"2025-03-27T10:17:50","modified_gmt":"2025-03-27T10:17:50","slug":"varikkokaarre4","status":"publish","type":"page","link":"https:\/\/suomicom.fi\/en\/varikkokaarre4\/","title":{"rendered":"Taloyhti\u00f6laajakaista Varikkokaarre 4"},"content":{"rendered":"<h3>Suomi Communications Oy provides internet connection to the housing company \u2013 Apartment-specific speed is 1000\/1000 Mbps<\/h3>\n<h3>Housing Company Broadband Schedule and Billing<\/h3>\n<p><b>The housing company will include the broadband fee in the maintenance charge.<\/b> Muiden operaattoreiden liittymi\u00e4 voi edelleen k\u00e4ytt\u00e4\u00e4 omalla kustannuksella ja niiden irtisanominen on asukkaan omalla vastuulla. Taloyhti\u00f6laajakaistaan j\u00e4lkik\u00e4teen liittymisest\u00e4 veloitetaan 69 \u20ac (alv24) avausmaksu, joka veloitetaan asukkaalta mik\u00e4li liittyminen tapahtuu 14.11.2023 kytkenn\u00e4n j\u00e4lkeen.<\/p>\n<h3>Usage<\/h3>\n<p><b>The connection can be activated from the apartment\u2019s distribution cabinet using the <strong>NOUSU-dataportista<\/strong><\/b>. Tietokoneen tai WiFi-reitittimen voi yhdist\u00e4\u00e4 t\u00e4h\u00e4n porttiin suoraan. Kytkent\u00e4kaappi l\u00f6ytyy huoneiston eteisest\u00e4.<\/p>\n<p>Inside the distribution cabinet, there are additional numbered Ethernet ports. These can be used to extend the connection to corresponding numbered sockets in the apartment.<\/p>\n<p><b>ADSL ja VDSL -modeemeja ei tule k\u00e4ytt\u00e4\u00e4<\/b>, sill\u00e4 liittym\u00e4 toimitetaan Ethernet -liit\u00e4nn\u00e4ll\u00e4. Modeemin sijasta yhteydess\u00e4 tulisi k\u00e4ytt\u00e4\u00e4 reititint\u00e4. Reitittimelle suositellut minimivaatimukset ovat:<\/p>\n<p>&#8211; WAN- ja LAN -porttien tulee tukea 1000 Mbps Ethernet nopeuksia<br \/>\n&#8211; WLAN-tekniikaksi suositellaan Wifi 6\/AX -standardia<\/p>\n<p>Kytkettyihin asuntoihin tulee yksi (1) IP-osoite per huoneisto, joten p\u00e4\u00e4telaitteiden tulisi olla reititt\u00e4v\u00e4ss\u00e4 tilassa.<\/p>\n<h3>Connection Setup Options<\/h3>\n<figure><img loading=\"lazy\" decoding=\"async\" src=\"https:\/\/suomicom.fi\/wp-content\/uploads\/2022\/05\/kytkenta1.png\" alt=\"\" width=\"667\" height=\"555\" \/><\/figure>\n<h3>Yksi laite johdolla kytkettyn\u00e4<\/h3>\n<p>Kytke huoneistojakamon <b><strong>NOUSU-dataportista<\/strong><\/b> Ethernet-kaapeli kytkent\u00e4kaapin dataporttiin <strong>1<\/strong>. Kytke huoneiston dataportista <strong>1<\/strong> Ethernet-kaapeli tietokoneeseen.<br \/>\n<i><br \/>\nKuvan ATK-portti = NOUSU<\/i><\/p>\n<figure><img loading=\"lazy\" decoding=\"async\" src=\"https:\/\/suomicom.fi\/wp-content\/uploads\/2022\/05\/kytkenta3.png\" alt=\"\" width=\"964\" height=\"544\" \/><\/figure>\n<h3>Useampi laite langattomasti kytkettyn\u00e4<\/h3>\n<p>Kytke huoneistojakamon <b><strong>NOUSU-dataportista <\/strong><\/b>Ethernet-kaapeli huoneiston numeroituun dataporttiin. Kytke huoneiston vastaavasta dataportista Ethernet-kaapeli langattoman reitittimen <strong>WAN port<\/strong>-porttiin. Yhdist\u00e4 langattomat laitteet reitittimen langattomaan verkkoon k\u00e4ytt\u00e4m\u00e4ll\u00e4 reitittimen pohjasta l\u00f6ytyv\u00e4\u00e4 SSID-tunnusta ja avainta.<\/p>\n<figure><img loading=\"lazy\" decoding=\"async\" src=\"https:\/\/suomicom.fi\/wp-content\/uploads\/2022\/05\/kytkenta2.png\" alt=\"\" width=\"1156\" height=\"625\" \/><\/figure>\n<h3>Useampi laite johdolla kytkettyn\u00e4<\/h3>\n<p>Kytke huoneistojakamon <b><strong>NOUSU-dataportista<\/strong><\/b> Ethernet-kaapeli reitittimen <strong>WAN port<\/strong>-porttiin. Reitittimen <strong>LAN<\/strong>-porteista kytket\u00e4\u00e4n Ethernet-kaapelit huoneiston dataporttien numeroja vastaaviin portteihin. Huoneistossa kytket\u00e4\u00e4n Ethernet-kaapeli tietokoneeseen.<\/p>\n<h3>Nopeuden testaaminen<\/h3>\n<p>We recommend using the free Speedtest\u00ae by Ookla application to test the connection speed.<br \/>\n<b> Do not use the browser version, <\/b>as it provides inaccurate results.<\/p>\n<p>1. Yhdist\u00e4 tietokoneesi kaapelilla SuomiComin taloyhti\u00f6laajakaistaan.<\/p>\n<p>2. Lataa ja asenna laitteellesi sopiva Speedtest -sovellus. Latauslinkit l\u00f6ytyv\u00e4t <a href=\"#latauslinkit\">alempaa<\/a>, sek\u00e4 valmistajan <a href=\"https:\/\/www.speedtest.net\/apps\" target=\"_blank\" rel=\"noopener\">on the official website<\/a>.<\/p>\n<p>3. Avaa sovellus ja valitse Speedtest -palvelimeksi <strong>Suomi Communications Oy, Espoo<\/strong> and start the test.<\/p>\n<h3>Important Notes<\/h3>\n<p>Ensure you are not on WiFi during the test, as wireless connections limit speed and can give inaccurate results. <strong>Test the speed directly from the Ethernet port in the apartment\u2019s distribution cabinet for the most accurate results<\/strong>.<\/p>\n<p>For 1000\/1000 Mbps speeds, the Ethernet cable should be at least <strong>CAT5e or newer<\/strong>. The computer\u2019s network card must support at least 1 Gbps speeds for the test to be reliable.<\/p>\n<p>Suosittelemme k\u00e4ytt\u00e4m\u00e4\u00e4n nopeustestiin Suomi Communications Oy Espoo -palvelinta, sill\u00e4 palvelimellamme on riitt\u00e4v\u00e4sti kapasiteettia nopeiden yhteyksien testaamiseen.<\/p>\n<h3>Download the Speedtest Application<\/h3>\n<p>Choose the appropriate Speedtest\u00ae application for your device:<\/p>\n<p>Speedtest\u00ae for Windows<\/p>\n<p><a href=\"https:\/\/www.microsoft.com\/en-us\/p\/speedtest-by-ookla\/9nblggh4z1jc\" target=\"_blank\" rel=\"noopener\"><br \/>\n<img loading=\"lazy\" decoding=\"async\" src=\"https:\/\/suomicom.fi\/wp-content\/uploads\/2020\/10\/microsoft.png\" alt=\"\" width=\"150\" height=\"54\" \/> <\/a><\/p>\n<p>Speedtest\u00ae for Mac<\/p>\n<figure><a href=\"https:\/\/apps.apple.com\/fi\/app\/speedtest-by-ookla\/id1153157709\" target=\"_blank\" rel=\"noopener\"><br \/>\n<img loading=\"lazy\" decoding=\"async\" src=\"https:\/\/suomicom.fi\/wp-content\/uploads\/2020\/10\/macappstore.png\" alt=\"\" width=\"150\" height=\"38\" \/> <\/a><figcaption><\/figcaption><\/figure>","protected":false},"excerpt":{"rendered":"<p>Suomi Communications Oy toimittaa Internet-yhteyden taloyhti\u00f6\u00f6n &#8211; Huoneistokohtainen nopeus on 1000\/1000 Mbps Taloyhti\u00f6laajakaistan aikataulu ja laskutus Taloyhti\u00f6 laskuttaa laajakaistan vastikkeessa. Muiden operaattoreiden liittymi\u00e4 voi edelleen k\u00e4ytt\u00e4\u00e4 omalla kustannuksella ja niiden irtisanominen on asukkaan omalla vastuulla. Taloyhti\u00f6laajakaistaan j\u00e4lkik\u00e4teen liittymisest\u00e4 veloitetaan 69 \u20ac (alv24) avausmaksu, joka veloitetaan asukkaalta mik\u00e4li liittyminen tapahtuu 14.11.2023 kytkenn\u00e4n j\u00e4lkeen. K\u00e4ytt\u00f6\u00f6notto Yhteyden voi&#8230;<\/p>","protected":false},"author":4,"featured_media":4974,"parent":0,"menu_order":0,"comment_status":"closed","ping_status":"closed","template":"","meta":{"_kad_post_transparent":"","_kad_post_title":"","_kad_post_layout":"","_kad_post_sidebar_id":"","_kad_post_content_style":"","_kad_post_vertical_padding":"","_kad_post_feature":"","_kad_post_feature_position":"","_kad_post_header":false,"_kad_post_footer":false,"footnotes":""},"class_list":["post-13856","page","type-page","status-publish","has-post-thumbnail","hentry"],"_links":{"self":[{"href":"https:\/\/suomicom.fi\/en\/wp-json\/wp\/v2\/pages\/13856","targetHints":{"allow":["GET"]}}],"collection":[{"href":"https:\/\/suomicom.fi\/en\/wp-json\/wp\/v2\/pages"}],"about":[{"href":"https:\/\/suomicom.fi\/en\/wp-json\/wp\/v2\/types\/page"}],"author":[{"embeddable":true,"href":"https:\/\/suomicom.fi\/en\/wp-json\/wp\/v2\/users\/4"}],"replies":[{"embeddable":true,"href":"https:\/\/suomicom.fi\/en\/wp-json\/wp\/v2\/comments?post=13856"}],"version-history":[{"count":28,"href":"https:\/\/suomicom.fi\/en\/wp-json\/wp\/v2\/pages\/13856\/revisions"}],"predecessor-version":[{"id":17498,"href":"https:\/\/suomicom.fi\/en\/wp-json\/wp\/v2\/pages\/13856\/revisions\/17498"}],"wp:featuredmedia":[{"embeddable":true,"href":"https:\/\/suomicom.fi\/en\/wp-json\/wp\/v2\/media\/4974"}],"wp:attachment":[{"href":"https:\/\/suomicom.fi\/en\/wp-json\/wp\/v2\/media?parent=13856"}],"curies":[{"name":"wp","href":"https:\/\/api.w.org\/{rel}","templated":true}]}}