{"id":4045,"date":"2019-12-05T08:14:37","date_gmt":"2019-12-05T08:14:37","guid":{"rendered":"https:\/\/www.suomicom.fi\/?page_id=4045"},"modified":"2024-07-25T06:13:32","modified_gmt":"2024-07-25T06:13:32","slug":"fredrikinkatu19","status":"publish","type":"page","link":"https:\/\/suomicom.fi\/en\/fredrikinkatu19\/","title":{"rendered":"Taloyhti\u00f6laajakaista Fredrikinkatu 19"},"content":{"rendered":"<h3>Suomi Communications Oy provides internet connection to the housing company \u2013 Apartment-specific speed is 1000\/1000 Mbps<\/h3>\n<h3>Billing<\/h3>\n<p><b>Taloyhti\u00f6laajakaista veloitetaan vastikkeessa. <\/b>SuomiComin nykyisten asiakkaiden laskutus p\u00e4\u00e4ttyy taloyhti\u00f6laajakaistan kytkent\u00e4\u00e4 seuraavan kuukauden alkuun, josta alkaen taloyhti\u00f6 laskuttaa uuden liittym\u00e4n vastikkeessa.<\/p>\n<figure><img loading=\"lazy\" decoding=\"async\" src=\"https:\/\/suomicom.fi\/wp-content\/uploads\/2019\/12\/fredrikinkatu19-portti.png\" alt=\"\" width=\"241\" height=\"559\" \/><\/figure>\n<h3>Usage<\/h3>\n<p><b>Kytkenn\u00e4n j\u00e4lkeen yhteyden voi ottaa k\u00e4ytt\u00f6\u00f6n huoneistojakamon Ethernet -pistokkeesta S. <\/b>Taloyhti\u00f6laajakaista kytket\u00e4\u00e4n jokaiseen asuntoon ja liittym\u00e4\u00e4n sis\u00e4ltyy 1 kappale IPv4 osoitteita dynaamisesti jaettuna kuhunkin huoneistoon.<br \/>\nHuoneistojakamossa on S -pistokkeen lis\u00e4ksi numeroituja Ethernet-pistokkeita, joita k\u00e4ytt\u00e4m\u00e4ll\u00e4 saa yhteyden kytketty\u00e4 eteenp\u00e4in huoneistossa sijaitseville, vastaavasti numeroiduille rasioille.<\/p>\n<p><b>ADSL ja VDSL -modeemeja ei tule k\u00e4ytt\u00e4\u00e4<\/b>, sill\u00e4 liittym\u00e4 toimitetaan Ethernet -liit\u00e4nn\u00e4ll\u00e4. Modeemin sijasta yhteydess\u00e4 tulisi k\u00e4ytt\u00e4\u00e4 reititint\u00e4. Reitittimelle suositellut minimivaatimukset ovat:<\/p>\n<p>&#8211; WAN- ja LAN -porttien tulee tukea 1000 Mbps Ethernet nopeuksia<br \/>\n&#8211; WLAN-tekniikan standardiksi suositellaan 802.11ax<\/p>\n<p>Ullakkohuoneistoissa yhteydet on p\u00e4\u00e4tetty vanhoihin puhelinrasioihin ja huoneistojakamoa ei ole. Osassa ullakkoasuntoja kytkent\u00e4piste saattaa sijaita ruuveilla kiinnitetyn peitelevyn alla.<\/p>\n<p>Muiden operaattoreiden liittymi\u00e4 voi edelleen k\u00e4ytt\u00e4\u00e4 omalla kustannuksella ja niiden irtisanominen on omalla vastuulla. Mik\u00e4li taloyhti\u00f6laajakaista kytket\u00e4\u00e4n k\u00e4ytt\u00f6\u00f6n j\u00e4lkik\u00e4teen, tehd\u00e4\u00e4n se lis\u00e4maksusta.<\/p>\n<h3>Connection Setup Options<\/h3>\n<h3>Yksi laite johdolla kytkettyn\u00e4<\/h3>\n<p>Kytke huoneistojakamossa pistokkeesta S Ethernet -johto pistokkeeseen 1. Kytke huoneiston pistokkeesta 1 Ethernet -johto tietokoneeseen.<\/p>\n<h3>Useampi laite johdolla kytkettyn\u00e4<\/h3>\n<p>Kytke huoneistojakamossa pistokkeesta S Ethernet -johto reitittimen WAN -porttiin, reitittimen LAN-porteista kytket\u00e4\u00e4n ethernet -johdot huoneiston Ethernet -pistokkeiden numeroja vastaaviin portteihin. Huoneistossa kytket\u00e4\u00e4n Ethernet -johto tietokoneeseen.<\/p>\n<h3>Useampi laite langattomasti kytkettyn\u00e4<\/h3>\n<p>Kytke huoneistojakamossa pistokkeesta S Ethernet -johto huoneiston numeroituun pistokkeeseen. Kytke huoneiston vastaavasta pistokkeesta Ethernet -johto langattoman reitittimen WAN-porttiin. Yhdist\u00e4 laitteet langattomaan reitittimeen k\u00e4ytt\u00e4m\u00e4ll\u00e4 reitittimen pohjasta l\u00f6ytyv\u00e4\u00e4 SSID-tunnusta ja avainta.<\/p>\n<h3>Nopeuden testaaminen<\/h3>\n<p>We recommend using the free Speedtest\u00ae by Ookla application to test the connection speed.<br \/>\n<b> Do not use the browser version, <\/b>as it provides inaccurate results.<\/p>\n<p>1. Yhdist\u00e4 tietokoneesi kaapelilla SuomiComin taloyhti\u00f6laajakaistaan.<\/p>\n<p>2. Lataa ja asenna laitteellesi sopiva Speedtest -sovellus. Latauslinkit l\u00f6ytyv\u00e4t <a href=\"#latauslinkit\">alempaa<\/a>, sek\u00e4 valmistajan <a href=\"https:\/\/www.speedtest.net\/apps\" target=\"_blank\" rel=\"noopener\">on the official website<\/a>.<\/p>\n<p>3. Avaa sovellus ja valitse Speedtest -palvelimeksi <strong>Suomi Communications Oy, Espoo<\/strong> and start the test.<\/p>\n<h3>Important Notes<\/h3>\n<p>Ensure you are not on WiFi during the test, as wireless connections limit speed and can give inaccurate results. <strong>Test the speed directly from the Ethernet port in the apartment\u2019s distribution cabinet for the most accurate results<\/strong>.<\/p>\n<p>For 1000\/1000 Mbps speeds, the Ethernet cable should be at least <strong>CAT5e or newer<\/strong>. The computer\u2019s network card must support at least 1 Gbps speeds for the test to be reliable.<\/p>\n<p>Suosittelemme k\u00e4ytt\u00e4m\u00e4\u00e4n nopeustestiin Suomi Communications Oy Espoo -palvelinta, sill\u00e4 palvelimellamme on riitt\u00e4v\u00e4sti kapasiteettia nopeiden yhteyksien testaamiseen.<\/p>\n<h3>Download the Speedtest Application<\/h3>\n<p>Choose the appropriate Speedtest\u00ae application for your device:<\/p>\n<p>Speedtest\u00ae for Windows<\/p>\n<p><a href=\"https:\/\/www.microsoft.com\/en-us\/p\/speedtest-by-ookla\/9nblggh4z1jc\" target=\"_blank\" rel=\"noopener\"><br \/>\n<img loading=\"lazy\" decoding=\"async\" src=\"https:\/\/suomicom.fi\/wp-content\/uploads\/2020\/10\/microsoft.png\" alt=\"\" width=\"150\" height=\"54\" \/> <\/a><\/p>\n<p>Speedtest\u00ae for Mac<\/p>\n<figure><a href=\"https:\/\/apps.apple.com\/fi\/app\/speedtest-by-ookla\/id1153157709\" target=\"_blank\" rel=\"noopener\"><br \/>\n<img loading=\"lazy\" decoding=\"async\" src=\"https:\/\/suomicom.fi\/wp-content\/uploads\/2020\/10\/macappstore.png\" alt=\"\" width=\"150\" height=\"38\" \/> <\/a><figcaption><\/figcaption><\/figure>","protected":false},"excerpt":{"rendered":"<p>Suomi Communications Oy toimittaa Internet-yhteyden taloyhti\u00f6\u00f6n &#8211; Huoneistokohtainen nopeus on 1000\/1000 Mbps Laskutus Taloyhti\u00f6laajakaista veloitetaan vastikkeessa. SuomiComin nykyisten asiakkaiden laskutus p\u00e4\u00e4ttyy taloyhti\u00f6laajakaistan kytkent\u00e4\u00e4 seuraavan kuukauden alkuun, josta alkaen taloyhti\u00f6 laskuttaa uuden liittym\u00e4n vastikkeessa. K\u00e4ytt\u00f6\u00f6notto Kytkenn\u00e4n j\u00e4lkeen yhteyden voi ottaa k\u00e4ytt\u00f6\u00f6n huoneistojakamon Ethernet -pistokkeesta S. Taloyhti\u00f6laajakaista kytket\u00e4\u00e4n jokaiseen asuntoon ja liittym\u00e4\u00e4n sis\u00e4ltyy 1 kappale IPv4 osoitteita&#8230;<\/p>","protected":false},"author":4,"featured_media":5045,"parent":0,"menu_order":0,"comment_status":"closed","ping_status":"closed","template":"","meta":{"_kad_post_transparent":"","_kad_post_title":"","_kad_post_layout":"","_kad_post_sidebar_id":"","_kad_post_content_style":"","_kad_post_vertical_padding":"","_kad_post_feature":"","_kad_post_feature_position":"","_kad_post_header":false,"_kad_post_footer":false,"_kad_post_classname":"","footnotes":""},"class_list":["post-4045","page","type-page","status-publish","has-post-thumbnail","hentry"],"_links":{"self":[{"href":"https:\/\/suomicom.fi\/en\/wp-json\/wp\/v2\/pages\/4045","targetHints":{"allow":["GET"]}}],"collection":[{"href":"https:\/\/suomicom.fi\/en\/wp-json\/wp\/v2\/pages"}],"about":[{"href":"https:\/\/suomicom.fi\/en\/wp-json\/wp\/v2\/types\/page"}],"author":[{"embeddable":true,"href":"https:\/\/suomicom.fi\/en\/wp-json\/wp\/v2\/users\/4"}],"replies":[{"embeddable":true,"href":"https:\/\/suomicom.fi\/en\/wp-json\/wp\/v2\/comments?post=4045"}],"version-history":[{"count":5,"href":"https:\/\/suomicom.fi\/en\/wp-json\/wp\/v2\/pages\/4045\/revisions"}],"predecessor-version":[{"id":16481,"href":"https:\/\/suomicom.fi\/en\/wp-json\/wp\/v2\/pages\/4045\/revisions\/16481"}],"wp:featuredmedia":[{"embeddable":true,"href":"https:\/\/suomicom.fi\/en\/wp-json\/wp\/v2\/media\/5045"}],"wp:attachment":[{"href":"https:\/\/suomicom.fi\/en\/wp-json\/wp\/v2\/media?parent=4045"}],"curies":[{"name":"wp","href":"https:\/\/api.w.org\/{rel}","templated":true}]}}