{"id":9936,"date":"2021-08-26T10:42:38","date_gmt":"2021-08-26T10:42:38","guid":{"rendered":"https:\/\/www.suomicom.fi\/?page_id=9936"},"modified":"2024-07-25T06:13:38","modified_gmt":"2024-07-25T06:13:38","slug":"fredrikinkatu64","status":"publish","type":"page","link":"https:\/\/suomicom.fi\/en\/fredrikinkatu64\/","title":{"rendered":"Taloyhti\u00f6laajakaista Fredrikinkatu 64"},"content":{"rendered":"<h3>Suomi Communications Oy provides internet connection to the housing company \u2013 Apartment-specific speed is 1000\/1000 Mbps<\/h3>\n<h3>Billing<\/h3>\n<p><b>Taloyhti\u00f6laajakaista veloitetaan vastikkeessa. <\/b>SuomiComin nykyisten asiakkaiden laskutus p\u00e4\u00e4ttyy taloyhti\u00f6laajakaistan kytkent\u00e4\u00e4 seuraavan kuukauden alkuun, josta alkaen taloyhti\u00f6 laskuttaa uuden liittym\u00e4n vastikkeessa.<\/p>\n<figure><img loading=\"lazy\" decoding=\"async\" src=\"https:\/\/suomicom.fi\/wp-content\/uploads\/2020\/09\/Topeliuksenkatu17-portti.jpg\" alt=\"\" width=\"248\" height=\"505\" \/><\/figure>\n<h3>Usage<\/h3>\n<p><b>Yhteyden voi ottaa k\u00e4ytt\u00f6\u00f6n huoneistojakamon Ethernet -pistokkeesta <strong>02<\/strong>. <\/b>Taloyhti\u00f6laajakaista kytket\u00e4\u00e4n jokaiseen asuntoon ja liittym\u00e4\u00e4n sis\u00e4ltyy 1 kappale IPv4 osoitteita dynaamisesti jaettuna kuhunkin huoneistoon.<\/p>\n<p>Huoneistojakamossa on <strong>02<\/strong> -pistokkeen lis\u00e4ksi numeroituja Ethernet-pistokkeita, joita k\u00e4ytt\u00e4m\u00e4ll\u00e4 saa yhteyden kytketty\u00e4 eteenp\u00e4in huoneistossa sijaitseville, vastaavasti numeroiduille rasioille.<\/p>\n<p><b>ADSL ja VDSL -modeemeja ei tule k\u00e4ytt\u00e4\u00e4<\/b>, sill\u00e4 liittym\u00e4 toimitetaan Ethernet -liit\u00e4nn\u00e4ll\u00e4. Modeemin sijasta yhteydess\u00e4 tulisi k\u00e4ytt\u00e4\u00e4 reititint\u00e4. Reitittimelle suositellut minimivaatimukset ovat:<\/p>\n<p>&#8211; WAN- ja LAN -porttien tulee tukea 1000 Mbps Ethernet nopeuksia.<br \/>\n&#8211; WLAN-tekniikan standardiksi suositellaan 802.11ax<\/p>\n<p>Muiden operaattoreiden liittymi\u00e4 voi edelleen k\u00e4ytt\u00e4\u00e4 omalla kustannuksella ja niiden irtisanominen on omalla vastuulla. Mik\u00e4li taloyhti\u00f6laajakaista kytket\u00e4\u00e4n k\u00e4ytt\u00f6\u00f6n j\u00e4lkik\u00e4teen, tehd\u00e4\u00e4n se lis\u00e4maksusta.<\/p>\n<h3>Connection Setup Options<\/h3>\n<h3>Yksi laite johdolla kytkettyn\u00e4<\/h3>\n<p>Kytke huoneistojakamossa pistokkeesta <strong>02<\/strong> Ethernet -johto pistokkeeseen <strong>04<\/strong>. Kytke huoneiston pistokkeesta <strong>04<\/strong> Ethernet -johto tietokoneeseen.<\/p>\n<h3>Useampi laite johdolla kytkettyn\u00e4<\/h3>\n<p>Kytke huoneistojakamossa pistokkeesta <strong>02<\/strong> Ethernet -johto reitittimen <strong>WAN port<\/strong> -porttiin. Reitittimen <strong>LAN<\/strong> -porteista kytket\u00e4\u00e4n Ethernet -johdot huoneiston Ethernet -pistokkeiden numeroja vastaaviin portteihin. Huoneistossa kytket\u00e4\u00e4n Ethernet -johto tietokoneeseen.<\/p>\n<h3>Useampi laite langattomasti kytkettyn\u00e4<\/h3>\n<p>Kytke huoneistojakamossa pistokkeesta <strong>02<\/strong> Ethernet -johto huoneiston numeroituun pistokkeeseen. Kytke huoneiston vastaavasta pistokkeesta Ethernet -johto langattoman reitittimen <strong>WAN port<\/strong> -porttiin. Yhdist\u00e4 langattomat laitteet reitittimen langattomaan verkkoon.<\/p>\n<h3>Nopeuden testaaminen<\/h3>\n<p>We recommend using the free Speedtest\u00ae by Ookla application to test the connection speed.<br \/>\n<b> Do not use the browser version, <\/b>as it provides inaccurate results.<\/p>\n<p>1. Yhdist\u00e4 tietokoneesi kaapelilla SuomiComin taloyhti\u00f6laajakaistaan.<\/p>\n<p>2. Lataa ja asenna laitteellesi sopiva Speedtest -sovellus. Latauslinkit l\u00f6ytyv\u00e4t <a href=\"#latauslinkit\">alempaa<\/a>, sek\u00e4 valmistajan <a href=\"https:\/\/www.speedtest.net\/apps\" target=\"_blank\" rel=\"noopener\">on the official website<\/a>.<\/p>\n<p>3. Avaa sovellus ja valitse Speedtest -palvelimeksi <strong>Suomi Communications Oy, Espoo<\/strong> and start the test.<\/p>\n<h3>Important Notes<\/h3>\n<p>Ensure you are not on WiFi during the test, as wireless connections limit speed and can give inaccurate results. <strong>Test the speed directly from the Ethernet port in the apartment\u2019s distribution cabinet for the most accurate results<\/strong>.<\/p>\n<p>For 1000\/1000 Mbps speeds, the Ethernet cable should be at least <strong>CAT5e or newer<\/strong>. The computer\u2019s network card must support at least 1 Gbps speeds for the test to be reliable.<\/p>\n<p>Suosittelemme k\u00e4ytt\u00e4m\u00e4\u00e4n nopeustestiin Suomi Communications Oy Espoo -palvelinta, sill\u00e4 palvelimellamme on riitt\u00e4v\u00e4sti kapasiteettia nopeiden yhteyksien testaamiseen.<\/p>\n<h3>Download the Speedtest Application<\/h3>\n<p>Choose the appropriate Speedtest\u00ae application for your device:<\/p>\n<p>Speedtest\u00ae for Windows<\/p>\n<p><a href=\"https:\/\/www.microsoft.com\/en-us\/p\/speedtest-by-ookla\/9nblggh4z1jc\" target=\"_blank\" rel=\"noopener\"><br \/>\n<img loading=\"lazy\" decoding=\"async\" src=\"https:\/\/suomicom.fi\/wp-content\/uploads\/2020\/10\/microsoft.png\" alt=\"\" width=\"150\" height=\"54\" \/> <\/a><\/p>\n<p>Speedtest\u00ae for Mac<\/p>\n<figure><a href=\"https:\/\/apps.apple.com\/fi\/app\/speedtest-by-ookla\/id1153157709\" target=\"_blank\" rel=\"noopener\"><br \/>\n<img loading=\"lazy\" decoding=\"async\" src=\"https:\/\/suomicom.fi\/wp-content\/uploads\/2020\/10\/macappstore.png\" alt=\"\" width=\"150\" height=\"38\" \/> <\/a><figcaption><\/figcaption><\/figure>","protected":false},"excerpt":{"rendered":"<p>Suomi Communications Oy toimittaa Internet-yhteyden taloyhti\u00f6\u00f6n &#8211; Huoneistokohtainen nopeus on 1000\/1000 Mbps Laskutus Taloyhti\u00f6laajakaista veloitetaan vastikkeessa. SuomiComin nykyisten asiakkaiden laskutus p\u00e4\u00e4ttyy taloyhti\u00f6laajakaistan kytkent\u00e4\u00e4 seuraavan kuukauden alkuun, josta alkaen taloyhti\u00f6 laskuttaa uuden liittym\u00e4n vastikkeessa. K\u00e4ytt\u00f6\u00f6notto Yhteyden voi ottaa k\u00e4ytt\u00f6\u00f6n huoneistojakamon Ethernet -pistokkeesta 02. Taloyhti\u00f6laajakaista kytket\u00e4\u00e4n jokaiseen asuntoon ja liittym\u00e4\u00e4n sis\u00e4ltyy 1 kappale IPv4 osoitteita dynaamisesti jaettuna&#8230;<\/p>","protected":false},"author":4,"featured_media":0,"parent":0,"menu_order":0,"comment_status":"closed","ping_status":"closed","template":"","meta":{"_kad_post_transparent":"","_kad_post_title":"","_kad_post_layout":"","_kad_post_sidebar_id":"","_kad_post_content_style":"","_kad_post_vertical_padding":"","_kad_post_feature":"","_kad_post_feature_position":"","_kad_post_header":false,"_kad_post_footer":false,"_kad_post_classname":"","footnotes":""},"class_list":["post-9936","page","type-page","status-publish","hentry"],"_links":{"self":[{"href":"https:\/\/suomicom.fi\/en\/wp-json\/wp\/v2\/pages\/9936","targetHints":{"allow":["GET"]}}],"collection":[{"href":"https:\/\/suomicom.fi\/en\/wp-json\/wp\/v2\/pages"}],"about":[{"href":"https:\/\/suomicom.fi\/en\/wp-json\/wp\/v2\/types\/page"}],"author":[{"embeddable":true,"href":"https:\/\/suomicom.fi\/en\/wp-json\/wp\/v2\/users\/4"}],"replies":[{"embeddable":true,"href":"https:\/\/suomicom.fi\/en\/wp-json\/wp\/v2\/comments?post=9936"}],"version-history":[{"count":12,"href":"https:\/\/suomicom.fi\/en\/wp-json\/wp\/v2\/pages\/9936\/revisions"}],"predecessor-version":[{"id":16482,"href":"https:\/\/suomicom.fi\/en\/wp-json\/wp\/v2\/pages\/9936\/revisions\/16482"}],"wp:attachment":[{"href":"https:\/\/suomicom.fi\/en\/wp-json\/wp\/v2\/media?parent=9936"}],"curies":[{"name":"wp","href":"https:\/\/api.w.org\/{rel}","templated":true}]}}